{"id":1665,"date":"2025-09-15T15:38:31","date_gmt":"2025-09-15T21:38:31","guid":{"rendered":"https:\/\/rutamax.wip-inprodi.com\/?page_id=1665"},"modified":"2025-09-17T12:46:49","modified_gmt":"2025-09-17T18:46:49","slug":"iniciar-sesion","status":"publish","type":"page","link":"https:\/\/rutamax.wip-inprodi.com\/es\/iniciar-sesion\/","title":{"rendered":"Iniciar sesi\u00f3n"},"content":{"rendered":"\t\t<div data-elementor-type=\"wp-page\" data-elementor-id=\"1665\" class=\"elementor elementor-1665\" data-elementor-post-type=\"page\">\n\t\t\t\t<div class=\"elementor-element elementor-element-9e33b25 e-flex e-con-boxed e-con e-parent\" data-id=\"9e33b25\" data-element_type=\"container\" data-settings=\"{&quot;background_background&quot;:&quot;classic&quot;}\">\n\t\t\t\t\t<div class=\"e-con-inner\">\n\t\t<div class=\"elementor-element elementor-element-48af3e1 e-con-full e-flex e-con e-child\" data-id=\"48af3e1\" data-element_type=\"container\">\n\t\t\t\t<div class=\"elementor-element elementor-element-dd32ec1 elementor-widget elementor-widget-image\" data-id=\"dd32ec1\" data-element_type=\"widget\" data-widget_type=\"image.default\">\n\t\t\t\t\t\t\t\t\t\t\t\t\t\t\t\t<a href=\"https:\/\/rutamax.wip-inprodi.com\/es\">\n\t\t\t\t\t\t\t<img decoding=\"async\" width=\"59\" height=\"39\" src=\"https:\/\/rutamax.wip-inprodi.com\/wp-content\/uploads\/2025\/08\/logo-positivo.svg\" class=\"attachment-large size-large wp-image-239\" alt=\"\" \/>\t\t\t\t\t\t\t\t<\/a>\n\t\t\t\t\t\t\t\t\t\t\t\t\t\t\t<\/div>\n\t\t\t\t<\/div>\n\t\t<div class=\"elementor-element elementor-element-85489f7 e-con-full e-flex e-con e-child\" data-id=\"85489f7\" data-element_type=\"container\">\n\t\t\t\t<div class=\"elementor-element elementor-element-c028563 elementor-widget elementor-widget-button\" data-id=\"c028563\" data-element_type=\"widget\" data-widget_type=\"button.default\">\n\t\t\t\t\t\t\t\t\t\t<a class=\"elementor-button elementor-button-link elementor-size-sm\" href=\"https:\/\/rutamax.wip-inprodi.com\/es\/registrarme\/\">\n\t\t\t\t\t\t<span class=\"elementor-button-content-wrapper\">\n\t\t\t\t\t\t\t\t\t<span class=\"elementor-button-text\">Registrarme<\/span>\n\t\t\t\t\t<\/span>\n\t\t\t\t\t<\/a>\n\t\t\t\t\t\t\t\t<\/div>\n\t\t\t\t<\/div>\n\t\t\t\t\t<\/div>\n\t\t\t\t<\/div>\n\t\t<div class=\"elementor-element elementor-element-04c2ad1 e-flex e-con-boxed e-con e-parent\" data-id=\"04c2ad1\" data-element_type=\"container\" data-settings=\"{&quot;background_background&quot;:&quot;classic&quot;}\">\n\t\t\t\t\t<div class=\"e-con-inner\">\n\t\t<div class=\"elementor-element elementor-element-687a3a9 e-con-full e-flex e-con e-child\" data-id=\"687a3a9\" data-element_type=\"container\" data-settings=\"{&quot;background_background&quot;:&quot;classic&quot;}\">\n\t\t\t\t<div class=\"elementor-element elementor-element-1cce66e elementor-widget elementor-widget-heading\" data-id=\"1cce66e\" data-element_type=\"widget\" data-widget_type=\"heading.default\">\n\t\t\t\t\t<h5 class=\"elementor-heading-title elementor-size-default\">Iniciar sesi\u00f3n<\/h5>\t\t\t\t<\/div>\n\t\t\t\t<div class=\"elementor-element elementor-element-e091052 elementor-widget elementor-widget-text-editor\" data-id=\"e091052\" data-element_type=\"widget\" data-widget_type=\"text-editor.default\">\n\t\t\t\t\t\t\t\t\t<p>Inicia sesi\u00f3n para acceder a todas las funciones.<\/p>\t\t\t\t\t\t\t\t<\/div>\n\t\t\t\t<div class=\"elementor-element elementor-element-93eb49a elementor-widget elementor-widget-jet-form-builder-form\" data-id=\"93eb49a\" data-element_type=\"widget\" data-widget_type=\"jet-form-builder-form.default\">\n\t\t\t\t<div class=\"elementor-widget-container\">\n\t\t\t\t\t<link rel='stylesheet' id='wp-block-library-css' href='https:\/\/rutamax.wip-inprodi.com\/wp-includes\/css\/dist\/block-library\/style.min.css?ver=6.8.5' media='all' \/>\n<style id=\"jet-form-builder-1662-inline-css\"><\/style><form  class=\"jet-form-builder layout-column submit-type-reload\" action=\"https:\/\/rutamax.wip-inprodi.com\/es\/wp-json\/wp\/v2\/pages\/1665\/?qb8Box=kpUaKe5Uz7&amp;method=reload\" method=\"POST\" data-form-id=\"1662\" data-layout=\"column\" enctype=\"multipart\/form-data\" novalidate=\"null\" ssr_validation_method=\"rest\"><input type=\"hidden\" id=\"_wpnonce\" name=\"_wpnonce\" value=\"6063add24a\" \/><input type=\"hidden\" name=\"_wp_http_referer\" value=\"\/es\/wp-json\/wp\/v2\/pages\/1665\" \/>\r\n<input type=\"hidden\" name=\"_jfb_current_render_states[]\" value=\"DEFAULT.STATE\" data-jfb-sync \/><input type=\"hidden\" class=\"jet-form-builder__field hidden-field\" name=\"_jet_engine_booking_form_id\" data-field-name=\"_jet_engine_booking_form_id\" value=\"1662\">\n<input type=\"hidden\" class=\"jet-form-builder__field hidden-field\" name=\"_jet_engine_refer\" data-field-name=\"_jet_engine_refer\" value=\"https:\/\/rutamax.wip-inprodi.com\/es\/wp-json\/wp\/v2\/pages\/1665\/\">\n<input type=\"hidden\" class=\"jet-form-builder__field hidden-field\" name=\"__queried_post_id\" data-field-name=\"__queried_post_id\" value=\"1665\">\n\n<input type=\"hidden\" class=\"jet-form-builder__field hidden-field\" name=\"redirect_to\" data-field-name=\"redirect_to\" data-jfb-sync=\"null\">\n\n\n\n<div  class=\"jet-form-builder-row field-type-text-field\" >\n<div class=\"jet-form-builder__label\">\r\n<div class=\"jet-form-builder__label-text\">Correo electr\u00f3nico <span class=\"jet-form-builder__required\">*<\/span><\/div><\/div><div class=\"jet-form-builder__field-wrap\">\n\t\t\t\t<input required=\"required\" name=\"correo_electronico\" id=\"correo_electronico\" type=\"text\" data-field-name=\"correo_electronico\" class=\"jet-form-builder__field text-field\" data-jfb-sync=\"null\" autocomplete=\"off_RpOFfk4Y\">\n\t\t\t\t\t<\/div>\n<\/div>\n\n<div  class=\"jet-form-builder-row field-type-text-field\" >\n<div class=\"jet-form-builder__label\">\r\n<div class=\"jet-form-builder__label-text\">Contrase\u00f1a <span class=\"jet-form-builder__required\">*<\/span><\/div><\/div><div class=\"jet-form-builder__field-wrap has-eye-icon\">\n\t\t\t\t<input required=\"required\" name=\"contrasena\" id=\"contrasena\" type=\"password\" data-field-name=\"contrasena\" class=\"jet-form-builder__field text-field\" data-jfb-sync=\"null\" autocomplete=\"off_dQEy9Scm\">\n\t\t\t\t\t<span\n\t\t\t\t\tclass=\"jfb-eye-icon seen\"\n\t\t\t\t\trole=\"button\"\n\t\t\t\t\ttabindex=\"0\"\n\t\t\t\t\tstyle=\"\"\n\t\t\t>\n\t\t\t\t<svg class=\"seen-icon\" viewBox=\"0 0 24 24\" xmlns=\"http:\/\/www.w3.org\/2000\/svg\" width=\"24\" height=\"24\" aria-hidden=\"true\" focusable=\"false\" fill=\"currentColor\"><path d=\"M3.99961 13C4.67043 13.3354 4.6703 13.3357 4.67017 13.3359L4.67298 13.3305C4.67621 13.3242 4.68184 13.3135 4.68988 13.2985C4.70595 13.2686 4.7316 13.2218 4.76695 13.1608C4.8377 13.0385 4.94692 12.8592 5.09541 12.6419C5.39312 12.2062 5.84436 11.624 6.45435 11.0431C7.67308 9.88241 9.49719 8.75 11.9996 8.75C14.502 8.75 16.3261 9.88241 17.5449 11.0431C18.1549 11.624 18.6061 12.2062 18.9038 12.6419C19.0523 12.8592 19.1615 13.0385 19.2323 13.1608C19.2676 13.2218 19.2933 13.2686 19.3093 13.2985C19.3174 13.3135 19.323 13.3242 19.3262 13.3305L19.3291 13.3359C19.3289 13.3357 19.3288 13.3354 19.9996 13C20.6704 12.6646 20.6703 12.6643 20.6701 12.664L20.6697 12.6632L20.6688 12.6614L20.6662 12.6563L20.6583 12.6408C20.6517 12.6282 20.6427 12.6108 20.631 12.5892C20.6078 12.5459 20.5744 12.4852 20.5306 12.4096C20.4432 12.2584 20.3141 12.0471 20.1423 11.7956C19.7994 11.2938 19.2819 10.626 18.5794 9.9569C17.1731 8.61759 14.9972 7.25 11.9996 7.25C9.00203 7.25 6.82614 8.61759 5.41987 9.9569C4.71736 10.626 4.19984 11.2938 3.85694 11.7956C3.68511 12.0471 3.55605 12.2584 3.4686 12.4096C3.42484 12.4852 3.39142 12.5459 3.36818 12.5892C3.35656 12.6108 3.34748 12.6282 3.34092 12.6408L3.33297 12.6563L3.33041 12.6614L3.32948 12.6632L3.32911 12.664C3.32894 12.6643 3.32879 12.6646 3.99961 13ZM11.9996 16C13.9326 16 15.4996 14.433 15.4996 12.5C15.4996 10.567 13.9326 9 11.9996 9C10.0666 9 8.49961 10.567 8.49961 12.5C8.49961 14.433 10.0666 16 11.9996 16Z\"><\/path><\/svg>\t\t\t\t<svg class=\"unseen-icon\" viewBox=\"0 0 24 24\" xmlns=\"http:\/\/www.w3.org\/2000\/svg\" width=\"24\" height=\"24\" aria-hidden=\"true\" focusable=\"false\" fill=\"currentColor\"><path d=\"M4.67 10.664s-2.09 1.11-2.917 1.582l.494.87 1.608-.914.002.002c.343.502.86 1.17 1.563 1.84.348.33.742.663 1.185.976L5.57 16.744l.858.515 1.02-1.701a9.1 9.1 0 0 0 4.051 1.18V19h1v-2.263a9.1 9.1 0 0 0 4.05-1.18l1.021 1.7.858-.514-1.034-1.723c.442-.313.837-.646 1.184-.977.703-.669 1.22-1.337 1.563-1.839l.002-.003 1.61.914.493-.87c-1.75-.994-2.918-1.58-2.918-1.58l-.003.005a8.29 8.29 0 0 1-.422.689 10.097 10.097 0 0 1-1.36 1.598c-1.218 1.16-3.042 2.293-5.544 2.293-2.503 0-4.327-1.132-5.546-2.293a10.099 10.099 0 0 1-1.359-1.599 8.267 8.267 0 0 1-.422-.689l-.003-.005Z\"><\/path><\/svg>\t\t\t<\/span>\n\t\t\t\t\t<\/div>\n<\/div>\n\n<div  class=\"jet-form-builder-row field-type-checkbox-field\" >\n<div class=\"jet-form-builder__fields-group checkradio-wrap\" data-jfb-sync><div class=\"jet-form-builder__field-wrap checkboxes-wrap checkradio-wrap\"><label class=\"jet-form-builder__field-label for-checkbox\">\n<input type=\"checkbox\" name=\"recordarme\" value=\"recordarme\" data-field-name=\"recordarme\" checked=\"checked\"  class=\"jet-form-builder__field checkboxes-field checkradio-field\"><span>recordarme<\/span><\/label><\/div><\/div>\n<\/div>\n\n\n\n<div  class=\"jet-form-builder-row field-type-submit-field\" >\n\t<div data-type=\"submit\" class=\"jet-form-builder__action-button-wrapper jet-form-builder__submit-wrap\">\n\t<button class=\"jet-form-builder__action-button jet-form-builder__submit submit-type-reload\" type=\"submit\">Iniciar sesi\u00f3n<\/button>\n\t<\/div>\n\t\n<\/div>\t<div class=\"jet-form-builder-messages-wrap\" data-form-id=\"1662\"><\/div>\n<\/form>\n\t\t\t\t<\/div>\n\t\t\t\t<\/div>\n\t\t\t\t<div class=\"elementor-element elementor-element-c3f1672 elementor-align-left elementor-widget elementor-widget-button\" data-id=\"c3f1672\" data-element_type=\"widget\" data-widget_type=\"button.default\">\n\t\t\t\t\t\t\t\t\t\t<a class=\"elementor-button elementor-button-link elementor-size-sm\" href=\"https:\/\/rutamax.wip-inprodi.com\/es\/restablecer-contrasena\/\">\n\t\t\t\t\t\t<span class=\"elementor-button-content-wrapper\">\n\t\t\t\t\t\t\t\t\t<span class=\"elementor-button-text\">\u00bfOlvidaste tu contrase\u00f1a?<\/span>\n\t\t\t\t\t<\/span>\n\t\t\t\t\t<\/a>\n\t\t\t\t\t\t\t\t<\/div>\n\t\t\t\t<\/div>\n\t\t\t\t\t<\/div>\n\t\t\t\t<\/div>\n\t\t\t\t<\/div>\n\t\t","protected":false},"excerpt":{"rendered":"<p>Registrarme Inicia sesi\u00f3n para acceder a todas las funciones. Correo electr\u00f3nico * Contrase\u00f1a * recordarme Iniciar sesi\u00f3n \u00bfOlvidaste tu contrase\u00f1a?<\/p>\n","protected":false},"author":2,"featured_media":0,"parent":0,"menu_order":0,"comment_status":"closed","ping_status":"closed","template":"elementor_canvas","meta":{"footnotes":""},"categories":[36],"class_list":["post-1665","page","type-page","status-publish","hentry","category-autenticacion"],"_links":{"self":[{"href":"https:\/\/rutamax.wip-inprodi.com\/es\/wp-json\/wp\/v2\/pages\/1665","targetHints":{"allow":["GET"]}}],"collection":[{"href":"https:\/\/rutamax.wip-inprodi.com\/es\/wp-json\/wp\/v2\/pages"}],"about":[{"href":"https:\/\/rutamax.wip-inprodi.com\/es\/wp-json\/wp\/v2\/types\/page"}],"author":[{"embeddable":true,"href":"https:\/\/rutamax.wip-inprodi.com\/es\/wp-json\/wp\/v2\/users\/2"}],"replies":[{"embeddable":true,"href":"https:\/\/rutamax.wip-inprodi.com\/es\/wp-json\/wp\/v2\/comments?post=1665"}],"version-history":[{"count":46,"href":"https:\/\/rutamax.wip-inprodi.com\/es\/wp-json\/wp\/v2\/pages\/1665\/revisions"}],"predecessor-version":[{"id":1781,"href":"https:\/\/rutamax.wip-inprodi.com\/es\/wp-json\/wp\/v2\/pages\/1665\/revisions\/1781"}],"wp:attachment":[{"href":"https:\/\/rutamax.wip-inprodi.com\/es\/wp-json\/wp\/v2\/media?parent=1665"}],"wp:term":[{"taxonomy":"category","embeddable":true,"href":"https:\/\/rutamax.wip-inprodi.com\/es\/wp-json\/wp\/v2\/categories?post=1665"}],"curies":[{"name":"wp","href":"https:\/\/api.w.org\/{rel}","templated":true}]}}