{"id":270,"date":"2025-08-21T13:36:15","date_gmt":"2025-08-21T19:36:15","guid":{"rendered":"https:\/\/rutamax.wip-inprodi.com\/?page_id=270"},"modified":"2025-08-29T17:26:34","modified_gmt":"2025-08-29T23:26:34","slug":"nuestras-experiencias","status":"publish","type":"page","link":"https:\/\/rutamax.wip-inprodi.com\/en\/nuestras-experiencias\/","title":{"rendered":"Experiences"},"content":{"rendered":"<div data-elementor-type=\"wp-page\" data-elementor-id=\"270\" class=\"elementor elementor-270\" data-elementor-post-type=\"page\">\n\t\t\t\t<div class=\"elementor-element elementor-element-33959d8 e-flex e-con-boxed e-con e-parent\" data-id=\"33959d8\" data-element_type=\"container\">\n\t\t\t\t\t<div class=\"e-con-inner\">\n\t\t<div class=\"elementor-element elementor-element-490d7f8 e-con-full e-flex e-con e-child\" data-id=\"490d7f8\" data-element_type=\"container\">\n\t\t<div class=\"elementor-element elementor-element-95d5d9d e-con-full e-flex e-con e-child\" data-id=\"95d5d9d\" data-element_type=\"container\">\n\t\t\t\t<div class=\"elementor-element elementor-element-8d3882a elementor-widget elementor-widget-heading\" data-id=\"8d3882a\" data-element_type=\"widget\" data-widget_type=\"heading.default\">\n\t\t\t\t\t<h1 class=\"elementor-heading-title elementor-size-default\">Enjoy <span style=\"color:#E17F1B\">Bah\u00eda de Banderas<\/span> beyond the steering wheel.<\/h1>\t\t\t\t<\/div>\n\t\t\t\t<div class=\"elementor-element elementor-element-adfbc16 elementor-widget elementor-widget-text-editor\" data-id=\"adfbc16\" data-element_type=\"widget\" data-widget_type=\"text-editor.default\">\n\t\t\t\t\t\t\t\t\tEvery corner of the bay has a unique magic: from pristine beaches to lively towns. With your rental car, explore without schedules and create your own adventurous route.\t\t\t\t\t\t\t\t<\/div>\n\t\t\t\t<\/div>\n\t\t<div class=\"elementor-element elementor-element-eaea579 e-con-full e-flex e-con e-child\" data-id=\"eaea579\" data-element_type=\"container\">\n\t\t\t\t<div class=\"elementor-element elementor-element-e94f8bd elementor-widget elementor-widget-jet-listing-grid\" data-id=\"e94f8bd\" data-element_type=\"widget\" data-settings=\"{&quot;columns&quot;:&quot;1&quot;}\" data-widget_type=\"jet-listing-grid.default\">\n\t\t\t\t\t<div class=\"jet-listing-grid jet-listing\"><div class=\"jet-listing-grid__items grid-col-desk-1 grid-col-tablet-1 grid-col-mobile-1 jet-listing-grid--1545 grid-collapse-gap\" data-queried-id=\"270|WP_Post\" data-nav=\"{&quot;enabled&quot;:false,&quot;type&quot;:null,&quot;more_el&quot;:null,&quot;query&quot;:[],&quot;widget_settings&quot;:{&quot;lisitng_id&quot;:1545,&quot;posts_num&quot;:6,&quot;columns&quot;:1,&quot;columns_tablet&quot;:1,&quot;columns_mobile&quot;:1,&quot;column_min_width&quot;:240,&quot;column_min_width_tablet&quot;:240,&quot;column_min_width_mobile&quot;:240,&quot;inline_columns_css&quot;:false,&quot;is_archive_template&quot;:&quot;&quot;,&quot;post_status&quot;:[&quot;publish&quot;],&quot;use_random_posts_num&quot;:&quot;&quot;,&quot;max_posts_num&quot;:9,&quot;not_found_message&quot;:&quot;No data was found&quot;,&quot;is_masonry&quot;:false,&quot;equal_columns_height&quot;:&quot;&quot;,&quot;use_load_more&quot;:&quot;&quot;,&quot;load_more_id&quot;:&quot;&quot;,&quot;load_more_type&quot;:&quot;click&quot;,&quot;load_more_offset&quot;:{&quot;unit&quot;:&quot;px&quot;,&quot;size&quot;:0,&quot;sizes&quot;:[]},&quot;use_custom_post_types&quot;:&quot;&quot;,&quot;custom_post_types&quot;:[],&quot;hide_widget_if&quot;:&quot;&quot;,&quot;carousel_enabled&quot;:&quot;&quot;,&quot;slides_to_scroll&quot;:&quot;1&quot;,&quot;arrows&quot;:&quot;true&quot;,&quot;arrow_icon&quot;:&quot;fa fa-angle-left&quot;,&quot;dots&quot;:&quot;&quot;,&quot;autoplay&quot;:&quot;true&quot;,&quot;pause_on_hover&quot;:&quot;true&quot;,&quot;autoplay_speed&quot;:5000,&quot;infinite&quot;:&quot;true&quot;,&quot;center_mode&quot;:&quot;&quot;,&quot;effect&quot;:&quot;slide&quot;,&quot;speed&quot;:500,&quot;inject_alternative_items&quot;:&quot;&quot;,&quot;injection_items&quot;:[],&quot;scroll_slider_enabled&quot;:&quot;&quot;,&quot;scroll_slider_on&quot;:[&quot;desktop&quot;,&quot;tablet&quot;,&quot;mobile&quot;],&quot;custom_query&quot;:false,&quot;custom_query_id&quot;:&quot;&quot;,&quot;_element_id&quot;:&quot;&quot;,&quot;collapse_first_last_gap&quot;:&quot;true&quot;,&quot;list_tag_selection&quot;:&quot;&quot;,&quot;list_items_wrapper_tag&quot;:&quot;div&quot;,&quot;list_item_tag&quot;:&quot;div&quot;,&quot;empty_items_wrapper_tag&quot;:&quot;div&quot;}}\" data-page=\"1\" data-pages=\"1\" data-listing-source=\"posts\" data-listing-id=\"1545\" data-query-id=\"\"><div class=\"jet-listing-grid__item jet-listing-dynamic-post-509\" data-post-id=\"509\"  ><style type=\"text\/css\">.jet-listing-dynamic-post-509 .elementor-element.elementor-element-f412d0d:not(.elementor-motion-effects-element-type-background), .jet-listing-dynamic-post-509 .elementor-element.elementor-element-f412d0d > .elementor-motion-effects-container > .elementor-motion-effects-layer{background-image:url(\"https:\/\/rutamax.wip-inprodi.com\/wp-content\/uploads\/2025\/09\/envato-labs-image-edit-4-1.webp\");}<\/style>\t\t<div data-elementor-type=\"jet-listing-items\" data-elementor-id=\"1545\" class=\"elementor elementor-1545\" data-elementor-post-type=\"jet-engine\">\n\t\t\t\t<div class=\"elementor-element elementor-element-3f7ae7a e-con-full e-flex e-con e-child\" data-id=\"3f7ae7a\" data-element_type=\"container\" data-settings=\"{&quot;background_background&quot;:&quot;classic&quot;}\">\n\t\t<div class=\"elementor-element elementor-element-afb91f4 e-con-full e-flex e-con e-child\" data-id=\"afb91f4\" data-element_type=\"container\">\n\t\t\t\t<div class=\"elementor-element elementor-element-0b4b592 elementor-widget elementor-widget-jet-listing-dynamic-field\" data-id=\"0b4b592\" data-element_type=\"widget\" data-widget_type=\"jet-listing-dynamic-field.default\">\n\t\t\t\t\t<div class=\"jet-listing jet-listing-dynamic-field display-inline\"><div class=\"jet-listing-dynamic-field__inline-wrap\"><div class=\"jet-listing-dynamic-field__content\">Boat ride<\/div><\/div><\/div>\t\t\t\t<\/div>\n\t\t\t\t<div class=\"elementor-element elementor-element-aa19573 elementor-widget elementor-widget-jet-listing-dynamic-field\" data-id=\"aa19573\" data-element_type=\"widget\" data-widget_type=\"jet-listing-dynamic-field.default\">\n\t\t\t\t\t<div class=\"jet-listing jet-listing-dynamic-field display-inline\"><div class=\"jet-listing-dynamic-field__inline-wrap\"><div class=\"jet-listing-dynamic-field__content\"><p>Explore hidden bays, swim in crystal clear waters and enjoy spectacular views.<\/p>\n<\/div><\/div><\/div>\t\t\t\t<\/div>\n\t\t<div class=\"elementor-element elementor-element-17d18a0 e-con-full e-flex e-con e-child\" data-id=\"17d18a0\" data-element_type=\"container\">\n\t\t<div class=\"elementor-element elementor-element-537f62e e-con-full e-flex e-con e-child\" data-id=\"537f62e\" data-element_type=\"container\">\n\t\t\t\t<div class=\"elementor-element elementor-element-ae99807 elementor-hidden-desktop elementor-hidden-tablet elementor-hidden-mobile elementor-widget elementor-widget-jet-listing-dynamic-field\" data-id=\"ae99807\" data-element_type=\"widget\" data-widget_type=\"jet-listing-dynamic-field.default\">\n\t\t\t\t\t<div class=\"jet-listing jet-listing-dynamic-field display-inline\"><div class=\"jet-listing-dynamic-field__inline-wrap\"><div class=\"jet-listing-dynamic-field__content\">33 2823 0868<\/div><\/div><\/div>\t\t\t\t<\/div>\n\t\t\t\t<div class=\"elementor-element elementor-element-e606c43 elementor-widget elementor-widget-shortcode\" data-id=\"e606c43\" data-element_type=\"widget\" id=\"whatsapp-button\" data-widget_type=\"shortcode.default\">\n\t\t\t\t\t\t\t<div class=\"elementor-shortcode\">  <a href=\"#\"\n     class=\"wp-reserve-whatsapp-btn\"\n     rel=\"noopener\"\n     target=\"_blank\"\n     aria-label=\"Book by WhatsApp\"\n     data-wa-msg=\"Hola, estoy interesado en &quot;Paseo en lancha&quot; y quiero m\u00e1s informaci\u00f3n de esta experiencia.\">\n    <span class=\"wp-reserve-whatsapp-text\">Reserve<\/span>\n  <\/a>\n\n  <style>\n    .wp-reserve-whatsapp-btn{\n      --wa-color: #f1ecde;\n      --wa-bg:    #075252;\n      display:inline-flex; align-items:center; justify-content:center;\n      padding: 8px 20px; border: 1px solid var(--wa-color);\n      color:var(--wa-color); background:var(--wa-bg);\n      border-radius:8px; text-decoration:none; font-weight:600;\n      width:auto; cursor:pointer;\n    }\n    .wp-reserve-whatsapp-btn,\n    .wp-reserve-whatsapp-btn:visited,\n    .wp-reserve-whatsapp-btn:hover,\n    .wp-reserve-whatsapp-btn:focus,\n    .wp-reserve-whatsapp-btn:active{\n      color: var(--wa-color) !important;\n      text-decoration: none !important;\n    }\n  <\/style>\n\n  <script>\n    (function(){\n      \/\/ Evita registrar el listener varias veces si el shortcode se repite en el loop\n      if (window.__reserveWhatsAppInit) return;\n      window.__reserveWhatsAppInit = true;\n\n      document.addEventListener('DOMContentLoaded', function(){\n        var src = document.querySelector('#whatsapp-button');\n        if(!src) return;\n\n        \/\/ N\u00famero global desde el texto del #whatsapp-button\n        var visibleText = (src.value || src.textContent || '').trim();\n        var digits      = visibleText.replace(\/\\D+\/g,'');\n\n        \/\/ Delegaci\u00f3n: funciona con m\u00faltiples botones del listing\n        document.addEventListener('click', function(e){\n          var btn = e.target.closest('.wp-reserve-whatsapp-btn');\n          if(!btn) return;\n\n          if (!digits || digits.length < 7) { e.preventDefault(); return; }\n\n          var msg = btn.getAttribute('data-wa-msg') || '';\n          var url = 'https:\/\/wa.me\/' + digits + (msg ? ('?text=' + encodeURIComponent(msg)) : '');\n\n          if (btn.getAttribute('target') === '_blank') {\n            e.preventDefault();\n            window.open(url, '_blank', 'noopener');\n          } else {\n            btn.setAttribute('href', url);\n          }\n        }, true);\n      });\n    })();\n  <\/script>\n  \n<\/div>\n\t\t\t\t\t\t<\/div>\n\t\t\t\t<\/div>\n\t\t\t\t<\/div>\n\t\t\t\t<\/div>\n\t\t<div class=\"elementor-element elementor-element-f412d0d e-con-full e-flex e-con e-child\" data-id=\"f412d0d\" data-element_type=\"container\" data-settings=\"{&quot;background_background&quot;:&quot;classic&quot;}\">\n\t\t\t\t<\/div>\n\t\t\t\t<\/div>\n\t\t\t\t<\/div>\n\t\t<\/div><div class=\"jet-listing-grid__item jet-listing-dynamic-post-508\" data-post-id=\"508\"  ><style type=\"text\/css\">.jet-listing-dynamic-post-508 .elementor-element.elementor-element-f412d0d:not(.elementor-motion-effects-element-type-background), .jet-listing-dynamic-post-508 .elementor-element.elementor-element-f412d0d > .elementor-motion-effects-container > .elementor-motion-effects-layer{background-image:url(\"https:\/\/rutamax.wip-inprodi.com\/wp-content\/uploads\/2025\/09\/envato-labs-image-edit-3-1.webp\");}<\/style>\t\t<div data-elementor-type=\"jet-listing-items\" data-elementor-id=\"1545\" class=\"elementor elementor-1545\" data-elementor-post-type=\"jet-engine\">\n\t\t\t\t<div class=\"elementor-element elementor-element-3f7ae7a e-con-full e-flex e-con e-child\" data-id=\"3f7ae7a\" data-element_type=\"container\" data-settings=\"{&quot;background_background&quot;:&quot;classic&quot;}\">\n\t\t<div class=\"elementor-element elementor-element-afb91f4 e-con-full e-flex e-con e-child\" data-id=\"afb91f4\" data-element_type=\"container\">\n\t\t\t\t<div class=\"elementor-element elementor-element-0b4b592 elementor-widget elementor-widget-jet-listing-dynamic-field\" data-id=\"0b4b592\" data-element_type=\"widget\" data-widget_type=\"jet-listing-dynamic-field.default\">\n\t\t\t\t\t<div class=\"jet-listing jet-listing-dynamic-field display-inline\"><div class=\"jet-listing-dynamic-field__inline-wrap\"><div class=\"jet-listing-dynamic-field__content\">Motorcycle tours<\/div><\/div><\/div>\t\t\t\t<\/div>\n\t\t\t\t<div class=\"elementor-element elementor-element-aa19573 elementor-widget elementor-widget-jet-listing-dynamic-field\" data-id=\"aa19573\" data-element_type=\"widget\" data-widget_type=\"jet-listing-dynamic-field.default\">\n\t\t\t\t\t<div class=\"jet-listing jet-listing-dynamic-field display-inline\"><div class=\"jet-listing-dynamic-field__inline-wrap\"><div class=\"jet-listing-dynamic-field__content\"><p>Feel the sea breeze as you travel along coastal roads and hidden trails.<\/p>\n<\/div><\/div><\/div>\t\t\t\t<\/div>\n\t\t<div class=\"elementor-element elementor-element-17d18a0 e-con-full e-flex e-con e-child\" data-id=\"17d18a0\" data-element_type=\"container\">\n\t\t<div class=\"elementor-element elementor-element-537f62e e-con-full e-flex e-con e-child\" data-id=\"537f62e\" data-element_type=\"container\">\n\t\t\t\t<div class=\"elementor-element elementor-element-ae99807 elementor-hidden-desktop elementor-hidden-tablet elementor-hidden-mobile elementor-widget elementor-widget-jet-listing-dynamic-field\" data-id=\"ae99807\" data-element_type=\"widget\" data-widget_type=\"jet-listing-dynamic-field.default\">\n\t\t\t\t\t<div class=\"jet-listing jet-listing-dynamic-field display-inline\"><div class=\"jet-listing-dynamic-field__inline-wrap\"><div class=\"jet-listing-dynamic-field__content\">33 2823 0868<\/div><\/div><\/div>\t\t\t\t<\/div>\n\t\t\t\t<div class=\"elementor-element elementor-element-e606c43 elementor-widget elementor-widget-shortcode\" data-id=\"e606c43\" data-element_type=\"widget\" id=\"whatsapp-button\" data-widget_type=\"shortcode.default\">\n\t\t\t\t\t\t\t<div class=\"elementor-shortcode\">  <a href=\"#\"\n     class=\"wp-reserve-whatsapp-btn\"\n     rel=\"noopener\"\n     target=\"_blank\"\n     aria-label=\"Book by WhatsApp\"\n     data-wa-msg=\"Hola, estoy interesado en &quot;Excursiones en moto&quot; y quiero m\u00e1s informaci\u00f3n de esta experiencia.\">\n    <span class=\"wp-reserve-whatsapp-text\">Reserve<\/span>\n  <\/a>\n\n  <style>\n    .wp-reserve-whatsapp-btn{\n      --wa-color: #f1ecde;\n      --wa-bg:    #075252;\n      display:inline-flex; align-items:center; justify-content:center;\n      padding: 8px 20px; border: 1px solid var(--wa-color);\n      color:var(--wa-color); background:var(--wa-bg);\n      border-radius:8px; text-decoration:none; font-weight:600;\n      width:auto; cursor:pointer;\n    }\n    .wp-reserve-whatsapp-btn,\n    .wp-reserve-whatsapp-btn:visited,\n    .wp-reserve-whatsapp-btn:hover,\n    .wp-reserve-whatsapp-btn:focus,\n    .wp-reserve-whatsapp-btn:active{\n      color: var(--wa-color) !important;\n      text-decoration: none !important;\n    }\n  <\/style>\n\n  <script>\n    (function(){\n      \/\/ Evita registrar el listener varias veces si el shortcode se repite en el loop\n      if (window.__reserveWhatsAppInit) return;\n      window.__reserveWhatsAppInit = true;\n\n      document.addEventListener('DOMContentLoaded', function(){\n        var src = document.querySelector('#whatsapp-button');\n        if(!src) return;\n\n        \/\/ N\u00famero global desde el texto del #whatsapp-button\n        var visibleText = (src.value || src.textContent || '').trim();\n        var digits      = visibleText.replace(\/\\D+\/g,'');\n\n        \/\/ Delegaci\u00f3n: funciona con m\u00faltiples botones del listing\n        document.addEventListener('click', function(e){\n          var btn = e.target.closest('.wp-reserve-whatsapp-btn');\n          if(!btn) return;\n\n          if (!digits || digits.length < 7) { e.preventDefault(); return; }\n\n          var msg = btn.getAttribute('data-wa-msg') || '';\n          var url = 'https:\/\/wa.me\/' + digits + (msg ? ('?text=' + encodeURIComponent(msg)) : '');\n\n          if (btn.getAttribute('target') === '_blank') {\n            e.preventDefault();\n            window.open(url, '_blank', 'noopener');\n          } else {\n            btn.setAttribute('href', url);\n          }\n        }, true);\n      });\n    })();\n  <\/script>\n  \n<\/div>\n\t\t\t\t\t\t<\/div>\n\t\t\t\t<\/div>\n\t\t\t\t<\/div>\n\t\t\t\t<\/div>\n\t\t<div class=\"elementor-element elementor-element-f412d0d e-con-full e-flex e-con e-child\" data-id=\"f412d0d\" data-element_type=\"container\" data-settings=\"{&quot;background_background&quot;:&quot;classic&quot;}\">\n\t\t\t\t<\/div>\n\t\t\t\t<\/div>\n\t\t\t\t<\/div>\n\t\t<\/div><div class=\"jet-listing-grid__item jet-listing-dynamic-post-507\" data-post-id=\"507\"  ><style type=\"text\/css\">.jet-listing-dynamic-post-507 .elementor-element.elementor-element-f412d0d:not(.elementor-motion-effects-element-type-background), .jet-listing-dynamic-post-507 .elementor-element.elementor-element-f412d0d > .elementor-motion-effects-container > .elementor-motion-effects-layer{background-image:url(\"https:\/\/rutamax.wip-inprodi.com\/wp-content\/uploads\/2025\/09\/envato-labs-image-edit-2-1.webp\");}<\/style>\t\t<div data-elementor-type=\"jet-listing-items\" data-elementor-id=\"1545\" class=\"elementor elementor-1545\" data-elementor-post-type=\"jet-engine\">\n\t\t\t\t<div class=\"elementor-element elementor-element-3f7ae7a e-con-full e-flex e-con e-child\" data-id=\"3f7ae7a\" data-element_type=\"container\" data-settings=\"{&quot;background_background&quot;:&quot;classic&quot;}\">\n\t\t<div class=\"elementor-element elementor-element-afb91f4 e-con-full e-flex e-con e-child\" data-id=\"afb91f4\" data-element_type=\"container\">\n\t\t\t\t<div class=\"elementor-element elementor-element-0b4b592 elementor-widget elementor-widget-jet-listing-dynamic-field\" data-id=\"0b4b592\" data-element_type=\"widget\" data-widget_type=\"jet-listing-dynamic-field.default\">\n\t\t\t\t\t<div class=\"jet-listing jet-listing-dynamic-field display-inline\"><div class=\"jet-listing-dynamic-field__inline-wrap\"><div class=\"jet-listing-dynamic-field__content\">Horseback riding<\/div><\/div><\/div>\t\t\t\t<\/div>\n\t\t\t\t<div class=\"elementor-element elementor-element-aa19573 elementor-widget elementor-widget-jet-listing-dynamic-field\" data-id=\"aa19573\" data-element_type=\"widget\" data-widget_type=\"jet-listing-dynamic-field.default\">\n\t\t\t\t\t<div class=\"jet-listing jet-listing-dynamic-field display-inline\"><div class=\"jet-listing-dynamic-field__inline-wrap\"><div class=\"jet-listing-dynamic-field__content\"><p>Ride through unforgettable landscapes and connect with nature on horseback.<\/p>\n<\/div><\/div><\/div>\t\t\t\t<\/div>\n\t\t<div class=\"elementor-element elementor-element-17d18a0 e-con-full e-flex e-con e-child\" data-id=\"17d18a0\" data-element_type=\"container\">\n\t\t<div class=\"elementor-element elementor-element-537f62e e-con-full e-flex e-con e-child\" data-id=\"537f62e\" data-element_type=\"container\">\n\t\t\t\t<div class=\"elementor-element elementor-element-ae99807 elementor-hidden-desktop elementor-hidden-tablet elementor-hidden-mobile elementor-widget elementor-widget-jet-listing-dynamic-field\" data-id=\"ae99807\" data-element_type=\"widget\" data-widget_type=\"jet-listing-dynamic-field.default\">\n\t\t\t\t\t<div class=\"jet-listing jet-listing-dynamic-field display-inline\"><div class=\"jet-listing-dynamic-field__inline-wrap\"><div class=\"jet-listing-dynamic-field__content\">33 2823 0868<\/div><\/div><\/div>\t\t\t\t<\/div>\n\t\t\t\t<div class=\"elementor-element elementor-element-e606c43 elementor-widget elementor-widget-shortcode\" data-id=\"e606c43\" data-element_type=\"widget\" id=\"whatsapp-button\" data-widget_type=\"shortcode.default\">\n\t\t\t\t\t\t\t<div class=\"elementor-shortcode\">  <a href=\"#\"\n     class=\"wp-reserve-whatsapp-btn\"\n     rel=\"noopener\"\n     target=\"_blank\"\n     aria-label=\"Book by WhatsApp\"\n     data-wa-msg=\"Hola, estoy interesado en &quot;Paseo en caballo&quot; y quiero m\u00e1s informaci\u00f3n de esta experiencia.\">\n    <span class=\"wp-reserve-whatsapp-text\">Reserve<\/span>\n  <\/a>\n\n  <style>\n    .wp-reserve-whatsapp-btn{\n      --wa-color: #f1ecde;\n      --wa-bg:    #075252;\n      display:inline-flex; align-items:center; justify-content:center;\n      padding: 8px 20px; border: 1px solid var(--wa-color);\n      color:var(--wa-color); background:var(--wa-bg);\n      border-radius:8px; text-decoration:none; font-weight:600;\n      width:auto; cursor:pointer;\n    }\n    .wp-reserve-whatsapp-btn,\n    .wp-reserve-whatsapp-btn:visited,\n    .wp-reserve-whatsapp-btn:hover,\n    .wp-reserve-whatsapp-btn:focus,\n    .wp-reserve-whatsapp-btn:active{\n      color: var(--wa-color) !important;\n      text-decoration: none !important;\n    }\n  <\/style>\n\n  <script>\n    (function(){\n      \/\/ Evita registrar el listener varias veces si el shortcode se repite en el loop\n      if (window.__reserveWhatsAppInit) return;\n      window.__reserveWhatsAppInit = true;\n\n      document.addEventListener('DOMContentLoaded', function(){\n        var src = document.querySelector('#whatsapp-button');\n        if(!src) return;\n\n        \/\/ N\u00famero global desde el texto del #whatsapp-button\n        var visibleText = (src.value || src.textContent || '').trim();\n        var digits      = visibleText.replace(\/\\D+\/g,'');\n\n        \/\/ Delegaci\u00f3n: funciona con m\u00faltiples botones del listing\n        document.addEventListener('click', function(e){\n          var btn = e.target.closest('.wp-reserve-whatsapp-btn');\n          if(!btn) return;\n\n          if (!digits || digits.length < 7) { e.preventDefault(); return; }\n\n          var msg = btn.getAttribute('data-wa-msg') || '';\n          var url = 'https:\/\/wa.me\/' + digits + (msg ? ('?text=' + encodeURIComponent(msg)) : '');\n\n          if (btn.getAttribute('target') === '_blank') {\n            e.preventDefault();\n            window.open(url, '_blank', 'noopener');\n          } else {\n            btn.setAttribute('href', url);\n          }\n        }, true);\n      });\n    })();\n  <\/script>\n  \n<\/div>\n\t\t\t\t\t\t<\/div>\n\t\t\t\t<\/div>\n\t\t\t\t<\/div>\n\t\t\t\t<\/div>\n\t\t<div class=\"elementor-element elementor-element-f412d0d e-con-full e-flex e-con e-child\" data-id=\"f412d0d\" data-element_type=\"container\" data-settings=\"{&quot;background_background&quot;:&quot;classic&quot;}\">\n\t\t\t\t<\/div>\n\t\t\t\t<\/div>\n\t\t\t\t<\/div>\n\t\t<\/div><\/div><\/div>\t\t\t\t<\/div>\n\t\t\t\t<\/div>\n\t\t\t\t<\/div>\n\t\t\t\t\t<\/div>\n\t\t\t\t<\/div>\n\t\t\t\t<\/div>","protected":false},"excerpt":{"rendered":"<p>Vive Bah\u00eda de Banderas m\u00e1s all\u00e1 del volante. Cada rinc\u00f3n de la bah\u00eda tiene una magia \u00fanica: desde playas v\u00edrgenes hasta pueblos llenos de vida. Con tu auto de renta, explora sin horarios y crea tu propia ruta de aventura. Paseo en lancha Explora bah\u00edas escondidas, nada en aguas cristalinas y disfruta vistas espectaculares. 123 [&hellip;]<\/p>","protected":false},"author":2,"featured_media":0,"parent":0,"menu_order":0,"comment_status":"closed","ping_status":"closed","template":"","meta":{"footnotes":""},"categories":[],"class_list":["post-270","page","type-page","status-publish","hentry"],"_links":{"self":[{"href":"https:\/\/rutamax.wip-inprodi.com\/en\/wp-json\/wp\/v2\/pages\/270","targetHints":{"allow":["GET"]}}],"collection":[{"href":"https:\/\/rutamax.wip-inprodi.com\/en\/wp-json\/wp\/v2\/pages"}],"about":[{"href":"https:\/\/rutamax.wip-inprodi.com\/en\/wp-json\/wp\/v2\/types\/page"}],"author":[{"embeddable":true,"href":"https:\/\/rutamax.wip-inprodi.com\/en\/wp-json\/wp\/v2\/users\/2"}],"replies":[{"embeddable":true,"href":"https:\/\/rutamax.wip-inprodi.com\/en\/wp-json\/wp\/v2\/comments?post=270"}],"version-history":[{"count":28,"href":"https:\/\/rutamax.wip-inprodi.com\/en\/wp-json\/wp\/v2\/pages\/270\/revisions"}],"predecessor-version":[{"id":1552,"href":"https:\/\/rutamax.wip-inprodi.com\/en\/wp-json\/wp\/v2\/pages\/270\/revisions\/1552"}],"wp:attachment":[{"href":"https:\/\/rutamax.wip-inprodi.com\/en\/wp-json\/wp\/v2\/media?parent=270"}],"wp:term":[{"taxonomy":"category","embeddable":true,"href":"https:\/\/rutamax.wip-inprodi.com\/en\/wp-json\/wp\/v2\/categories?post=270"}],"curies":[{"name":"wp","href":"https:\/\/api.w.org\/{rel}","templated":true}]}}